{"id":1298,"date":"2021-12-10T15:18:46","date_gmt":"2021-12-10T15:18:46","guid":{"rendered":"http:\/\/nobel-baudenbacher.law\/?page_id=1298"},"modified":"2024-04-09T10:54:48","modified_gmt":"2024-04-09T10:54:48","slug":"ueber-uns","status":"publish","type":"page","link":"https:\/\/nobel.law\/de\/ueber-uns\/","title":{"rendered":"\u00dcber uns"},"content":{"rendered":"<div id=\"\" class=\"stbase-about-hero-block stbase-block\">\n      <div id=\"hero-background\" style=\"background-image: url(https:\/\/nobel.law\/wp-content\/uploads\/2021\/12\/about-hero.jpg);\" data-bc-mobile=\"https:\/\/nobel.law\/wp-content\/uploads\/2021\/12\/about-hero.jpg\">\n      <div class=\"container\">\n        <div id=\"hero-content\">\n          <h1>\u00dcber uns<\/h1>\n        <\/div>\n          \r\n  <div class=\"copyright-info\">\r\n    <i class=\"fal fa-copyright\"><\/i>\r\n\r\n    <div class=\"copyright-info-tooltip to-left\">\r\n      <h3>Robert Longo<br \/>\r\nFace Time (The Tribs)<br \/>\r\n1991<\/h3>\r\n      <p>Gesso, Acryl auf Zeitungspapier (&#8222;Herald Tribune&#8220;), 12-teilig<br \/>\r\n\u00a9 2021, ProLitteris, Z\u00fcrich<br \/>\r\nSammlung &#8222;Press Art&#8220;, Annette und Peter Nobel<\/p>\r\n    <\/div>\r\n  <\/div>\r\n\r\n      <\/div>\n      <div id=\"hero-white-bar\"><\/div>\n    <\/div>\n  <\/div>\n\n<div id=\"\" class=\"stbase-block stbase-title-text-cta-block \">\n                    <div class=\"container\" data-aos=\"fade-up\" data-aos-duration=\"700\" data-aos-anchor-placement=\"center-bottom\">\n            \n                            <div id=\"ttc-text\">\n                    <p class=\"big-blue\">Als Kanzlei mit Hauptsitz am Wirtschaftsstandort Z\u00fcrich verbindet Nobel &#038; Partner fundierte Kenntnisse im Schweizer Recht (insbesondere im Vertrags-, Gesellschafts-, Bank- und B\u00f6rsenrecht, sowie im Finanzmarkt,- Kartell- und Immaterialg\u00fcterrecht) mit einem europ\u00e4ischen und globalen Fokus. <\/p>\n                <\/div>\n            \n                    <\/div>\n    <\/div>\n\n<div id=\"\" class=\"stbase-about-text-block stbase-block\">\n      <div class=\"container\">\n      <div class=\"about-text-image-column\">\n        <div class=\"about-text-image-wrapper\">\n          <img decoding=\"async\" src=\"https:\/\/nobel.law\/wp-content\/uploads\/2021\/12\/About-us-img-3.png\" alt=\"About Text Image\" \/>\n        <\/div>\n        \n          \r\n  <div class=\"copyright-info\">\r\n    <i class=\"fal fa-copyright\"><\/i>\r\n\r\n    <div class=\"copyright-info-tooltip to-left\">\r\n      <h3>C\u00e9sar Baldaccini<br \/>\r\nPapierabf\u00e4lle<br \/>\r\num 1980<\/h3>\r\n      <p>Kompression (Karton, Papier, Bleistift)<br \/>\r\n\u00a9 SBJ \/ 2021, ProLitteris, Z\u00fcrich<\/p>\r\n    <\/div>\r\n  <\/div>\r\n\r\n      <\/div>\n      <div class=\"about-text-column\">\n        <p>Wir verf\u00fcgen \u00fcber besondere Kompetenzen im europ\u00e4ischen Binnenmarktrecht, im Recht des Verh\u00e4ltnisses Schweiz-EU und im EFTA- und EWR-Recht. Unsere Rechtsanw\u00e4lte sind sowohl in der Schweiz als auch in der EU zugelassen und vertreten Mandanten vor schweizerischen und europ\u00e4ischen Beh\u00f6rden und Gerichten. Nobel &amp; Partner ist zudem eine der f\u00fchrenden Schweizer Kanzleien bei der Vertretung von Mandanten in Schiedsverfahren. Anw\u00e4lte unserer Kanzlei werden auch regelm\u00e4ssig als Schiedsrichter ernannt.<\/p>\n<p>Nobel &amp; Partner unterh\u00e4lt ferner ein umfassendes Netzwerk mit Berufskollegen und Experten in anderen Jurisdiktionen, welches bei Bedarf aktiviert werden kann.<\/p>\n\n                  <div class=\"about-text-buttons\">\n                          <a href=\"http:\/\/nobel-baudenbacher.law\/de\/practice-areas\/\" class=\"st-button-link\">\n                Praxisbereiche                <img decoding=\"async\" src=\"\/wp-content\/themes\/bltheme\/assets\/img\/long-arrow-right-light.svg\" alt=\"Arrow Right\">\n              <\/a>\n                          <a href=\"http:\/\/nobel-baudenbacher.law\/de\/team\/\" class=\"st-button-link\">\n                Team                <img decoding=\"async\" src=\"\/wp-content\/themes\/bltheme\/assets\/img\/long-arrow-right-light.svg\" alt=\"Arrow Right\">\n              <\/a>\n                      <\/div>\n              <\/div>\n    <\/div>\n  <\/div>","protected":false},"excerpt":{"rendered":"","protected":false},"author":1,"featured_media":0,"parent":0,"menu_order":0,"comment_status":"closed","ping_status":"closed","template":"","meta":{"footnotes":""},"class_list":["post-1298","page","type-page","status-publish","hentry"],"acf":[],"_links":{"self":[{"href":"https:\/\/nobel.law\/de\/wp-json\/wp\/v2\/pages\/1298","targetHints":{"allow":["GET"]}}],"collection":[{"href":"https:\/\/nobel.law\/de\/wp-json\/wp\/v2\/pages"}],"about":[{"href":"https:\/\/nobel.law\/de\/wp-json\/wp\/v2\/types\/page"}],"author":[{"embeddable":true,"href":"https:\/\/nobel.law\/de\/wp-json\/wp\/v2\/users\/1"}],"replies":[{"embeddable":true,"href":"https:\/\/nobel.law\/de\/wp-json\/wp\/v2\/comments?post=1298"}],"version-history":[{"count":18,"href":"https:\/\/nobel.law\/de\/wp-json\/wp\/v2\/pages\/1298\/revisions"}],"predecessor-version":[{"id":2010,"href":"https:\/\/nobel.law\/de\/wp-json\/wp\/v2\/pages\/1298\/revisions\/2010"}],"wp:attachment":[{"href":"https:\/\/nobel.law\/de\/wp-json\/wp\/v2\/media?parent=1298"}],"curies":[{"name":"wp","href":"https:\/\/api.w.org\/{rel}","templated":true}]}}